{"id":869,"date":"2025-01-06T12:06:10","date_gmt":"2025-01-06T12:06:10","guid":{"rendered":"https:\/\/dapta.ai\/contacta-con-nosotros\/"},"modified":"2025-08-10T03:34:06","modified_gmt":"2025-08-10T03:34:06","slug":"contact-us","status":"publish","type":"page","link":"https:\/\/dapta.ai\/es\/contact-us\/","title":{"rendered":"Contacta con nosotros"},"content":{"rendered":"\t\t<div data-elementor-type=\"wp-page\" data-elementor-id=\"869\" class=\"elementor elementor-869 elementor-574\" data-elementor-settings=\"{&quot;element_pack_global_tooltip_width&quot;:{&quot;unit&quot;:&quot;px&quot;,&quot;size&quot;:&quot;&quot;,&quot;sizes&quot;:[]},&quot;element_pack_global_tooltip_width_tablet&quot;:{&quot;unit&quot;:&quot;px&quot;,&quot;size&quot;:&quot;&quot;,&quot;sizes&quot;:[]},&quot;element_pack_global_tooltip_width_mobile&quot;:{&quot;unit&quot;:&quot;px&quot;,&quot;size&quot;:&quot;&quot;,&quot;sizes&quot;:[]},&quot;element_pack_global_tooltip_padding&quot;:{&quot;unit&quot;:&quot;px&quot;,&quot;top&quot;:&quot;&quot;,&quot;right&quot;:&quot;&quot;,&quot;bottom&quot;:&quot;&quot;,&quot;left&quot;:&quot;&quot;,&quot;isLinked&quot;:true},&quot;element_pack_global_tooltip_padding_tablet&quot;:{&quot;unit&quot;:&quot;px&quot;,&quot;top&quot;:&quot;&quot;,&quot;right&quot;:&quot;&quot;,&quot;bottom&quot;:&quot;&quot;,&quot;left&quot;:&quot;&quot;,&quot;isLinked&quot;:true},&quot;element_pack_global_tooltip_padding_mobile&quot;:{&quot;unit&quot;:&quot;px&quot;,&quot;top&quot;:&quot;&quot;,&quot;right&quot;:&quot;&quot;,&quot;bottom&quot;:&quot;&quot;,&quot;left&quot;:&quot;&quot;,&quot;isLinked&quot;:true},&quot;element_pack_global_tooltip_border_radius&quot;:{&quot;unit&quot;:&quot;px&quot;,&quot;top&quot;:&quot;&quot;,&quot;right&quot;:&quot;&quot;,&quot;bottom&quot;:&quot;&quot;,&quot;left&quot;:&quot;&quot;,&quot;isLinked&quot;:true},&quot;element_pack_global_tooltip_border_radius_tablet&quot;:{&quot;unit&quot;:&quot;px&quot;,&quot;top&quot;:&quot;&quot;,&quot;right&quot;:&quot;&quot;,&quot;bottom&quot;:&quot;&quot;,&quot;left&quot;:&quot;&quot;,&quot;isLinked&quot;:true},&quot;element_pack_global_tooltip_border_radius_mobile&quot;:{&quot;unit&quot;:&quot;px&quot;,&quot;top&quot;:&quot;&quot;,&quot;right&quot;:&quot;&quot;,&quot;bottom&quot;:&quot;&quot;,&quot;left&quot;:&quot;&quot;,&quot;isLinked&quot;:true}}\" data-elementor-post-type=\"page\">\n\t\t\t\t<div class=\"elementor-element elementor-element-fe63f56 e-grid e-con-boxed e-con e-parent\" data-id=\"fe63f56\" data-element_type=\"container\" data-e-type=\"container\">\n\t\t\t\t\t<div class=\"e-con-inner\">\n\t\t<div class=\"elementor-element elementor-element-71f39a4 e-con-full e-flex e-con e-child\" data-id=\"71f39a4\" data-element_type=\"container\" data-e-type=\"container\">\n\t\t\t\t<div class=\"elementor-element elementor-element-f09d7e3 animated-slow elementor-widget elementor-widget-heading\" data-id=\"f09d7e3\" data-element_type=\"widget\" data-e-type=\"widget\" data-settings=\"{&quot;_animation&quot;:&quot;none&quot;}\" data-widget_type=\"heading.default\">\n\t\t\t\t<div class=\"elementor-widget-container\">\n\t\t\t\t\t<div class=\"elementor-heading-title elementor-size-default\">Contacta con nosotros<\/div>\t\t\t\t<\/div>\n\t\t\t\t<\/div>\n\t\t\t\t<div class=\"elementor-element elementor-element-fd1cd52 animated-slow elementor-widget elementor-widget-heading\" data-id=\"fd1cd52\" data-element_type=\"widget\" data-e-type=\"widget\" data-settings=\"{&quot;_animation&quot;:&quot;none&quot;}\" data-widget_type=\"heading.default\">\n\t\t\t\t<div class=\"elementor-widget-container\">\n\t\t\t\t\t<h1 class=\"elementor-heading-title elementor-size-default\">Trabajemos juntos<\/h1>\t\t\t\t<\/div>\n\t\t\t\t<\/div>\n\t\t\t\t<div data-ep-wrapper-link=\"{&quot;url&quot;:&quot;mailto:support@daptatech.com&quot;,&quot;is_external&quot;:&quot;&quot;,&quot;nofollow&quot;:&quot;&quot;,&quot;custom_attributes&quot;:&quot;&quot;}\" style=\"cursor: pointer\" class=\"bdt-element-link elementor-element elementor-element-aae3831 elementor-view-default elementor-position-block-start elementor-mobile-position-block-start elementor-widget elementor-widget-icon-box\" data-id=\"aae3831\" data-element_type=\"widget\" data-e-type=\"widget\" data-widget_type=\"icon-box.default\">\n\t\t\t\t<div class=\"elementor-widget-container\">\n\t\t\t\t\t\t\t<div class=\"elementor-icon-box-wrapper\">\n\n\t\t\t\t\t\t<div class=\"elementor-icon-box-icon\">\n\t\t\t\t<a href=\"mailto:support@daptatech.com\" class=\"elementor-icon\" tabindex=\"-1\" aria-label=\"Env\u00eda un correo electr\u00f3nico a\">\n\t\t\t\t<i aria-hidden=\"true\" class=\"far fa-envelope\"><\/i>\t\t\t\t<\/a>\n\t\t\t<\/div>\n\t\t\t\n\t\t\t\t\t\t<div class=\"elementor-icon-box-content\">\n\n\t\t\t\t\t\t\t\t\t<h2 class=\"elementor-icon-box-title\">\n\t\t\t\t\t\t<a href=\"mailto:support@daptatech.com\" >\n\t\t\t\t\t\t\tEnv\u00eda un correo electr\u00f3nico a\t\t\t\t\t\t<\/a>\n\t\t\t\t\t<\/h2>\n\t\t\t\t\n\t\t\t\t\t\t\t\t\t<p class=\"elementor-icon-box-description\">\n\t\t\t\t\t\tsupport@daptatech.com\t\t\t\t\t<\/p>\n\t\t\t\t\n\t\t\t<\/div>\n\t\t\t\n\t\t<\/div>\n\t\t\t\t\t\t<\/div>\n\t\t\t\t<\/div>\n\t\t\t\t<div class=\"elementor-element elementor-element-52dcb91 elementor-view-default elementor-position-block-start elementor-mobile-position-block-start elementor-widget elementor-widget-icon-box\" data-id=\"52dcb91\" data-element_type=\"widget\" data-e-type=\"widget\" data-widget_type=\"icon-box.default\">\n\t\t\t\t<div class=\"elementor-widget-container\">\n\t\t\t\t\t\t\t<div class=\"elementor-icon-box-wrapper\">\n\n\t\t\t\t\t\t<div class=\"elementor-icon-box-icon\">\n\t\t\t\t<span  class=\"elementor-icon\">\n\t\t\t\t<i aria-hidden=\"true\" class=\"fas fa-map-marker-alt\"><\/i>\t\t\t\t<\/span>\n\t\t\t<\/div>\n\t\t\t\n\t\t\t\t\t\t<div class=\"elementor-icon-box-content\">\n\n\t\t\t\t\t\t\t\t\t<h2 class=\"elementor-icon-box-title\">\n\t\t\t\t\t\t<span  >\n\t\t\t\t\t\t\tEncu\u00e9ntranos\t\t\t\t\t\t<\/span>\n\t\t\t\t\t<\/h2>\n\t\t\t\t\n\t\t\t\t\t\t\t\t\t<p class=\"elementor-icon-box-description\">\n\t\t\t\t\t\t990 Biscayne Blvd<br>Miami<br>Florida\t\t\t\t\t<\/p>\n\t\t\t\t\n\t\t\t<\/div>\n\t\t\t\n\t\t<\/div>\n\t\t\t\t\t\t<\/div>\n\t\t\t\t<\/div>\n\t\t\t\t<\/div>\n\t\t<div class=\"elementor-element elementor-element-51773c8 e-con-full e-flex e-con e-child\" data-id=\"51773c8\" data-element_type=\"container\" data-e-type=\"container\">\n\t\t<div class=\"elementor-element elementor-element-09cb9fb e-con-full e-flex e-con e-child\" data-id=\"09cb9fb\" data-element_type=\"container\" data-e-type=\"container\">\n\t\t\t\t<div class=\"elementor-element elementor-element-3747f6f animated-slow elementor-widget elementor-widget-heading\" data-id=\"3747f6f\" data-element_type=\"widget\" data-e-type=\"widget\" data-settings=\"{&quot;_animation&quot;:&quot;none&quot;}\" data-widget_type=\"heading.default\">\n\t\t\t\t<div class=\"elementor-widget-container\">\n\t\t\t\t\t<h2 class=\"elementor-heading-title elementor-size-default\">Contacta con nosotros<\/h2>\t\t\t\t<\/div>\n\t\t\t\t<\/div>\n\t\t\t\t<div class=\"elementor-element elementor-element-d87d2ac elementor-button-align-stretch elementor-widget elementor-widget-form\" data-id=\"d87d2ac\" data-element_type=\"widget\" data-e-type=\"widget\" data-settings=\"{&quot;step_next_label&quot;:&quot;Siguiente&quot;,&quot;step_previous_label&quot;:&quot;Anterior&quot;,&quot;button_width&quot;:&quot;100&quot;,&quot;step_type&quot;:&quot;number_text&quot;,&quot;step_icon_shape&quot;:&quot;circle&quot;}\" data-widget_type=\"form.default\">\n\t\t\t\t<div class=\"elementor-widget-container\">\n\t\t\t\t\t\t\t<form class=\"elementor-form\" method=\"post\" name=\"Formulario de contacto\" aria-label=\"Formulario de contacto\">\n\t\t\t<input type=\"hidden\" name=\"post_id\" value=\"869\"\/>\n\t\t\t<input type=\"hidden\" name=\"form_id\" value=\"d87d2ac\"\/>\n\t\t\t<input type=\"hidden\" name=\"referer_title\" value=\"Dapta\" \/>\n\n\t\t\t\n\t\t\t<div class=\"elementor-form-fields-wrapper elementor-labels-above\">\n\t\t\t\t\t\t\t\t<div class=\"elementor-field-type-text elementor-field-group elementor-column elementor-field-group-name elementor-col-100\">\n\t\t\t\t\t\t\t\t\t\t\t\t<label for=\"form-field-name\" class=\"elementor-field-label\">\n\t\t\t\t\t\t\t\tNombre\t\t\t\t\t\t\t<\/label>\n\t\t\t\t\t\t\t\t\t\t\t\t\t\t<input size=\"1\" type=\"text\" name=\"form_fields[name]\" id=\"form-field-name\" class=\"elementor-field elementor-size-md  elementor-field-textual\" placeholder=\"p.ej. Tu nombre\">\n\t\t\t\t\t\t\t\t\t\t\t<\/div>\n\t\t\t\t\t\t\t\t<div class=\"elementor-field-type-email elementor-field-group elementor-column elementor-field-group-email elementor-col-100 elementor-field-required elementor-mark-required\">\n\t\t\t\t\t\t\t\t\t\t\t\t<label for=\"form-field-email\" class=\"elementor-field-label\">\n\t\t\t\t\t\t\t\tEnv\u00eda un correo electr\u00f3nico a\t\t\t\t\t\t\t<\/label>\n\t\t\t\t\t\t\t\t\t\t\t\t\t\t<input size=\"1\" type=\"email\" name=\"form_fields[email]\" id=\"form-field-email\" class=\"elementor-field elementor-size-md  elementor-field-textual\" placeholder=\"por ejemplo mail@nombredominio\" required=\"required\">\n\t\t\t\t\t\t\t\t\t\t\t<\/div>\n\t\t\t\t\t\t\t\t<div class=\"elementor-field-type-checkbox elementor-field-group elementor-column elementor-field-group-field_f5xv5q8 elementor-col-100\">\n\t\t\t\t\t\t\t\t\t\t\t\t<label for=\"form-field-field_f5xv5q8\" class=\"elementor-field-label\">\n\t\t\t\t\t\t\t\tDescribe tu empresa\t\t\t\t\t\t\t<\/label>\n\t\t\t\t\t\t<div class=\"elementor-field-subgroup  elementor-subgroup-inline\"><span class=\"elementor-field-option\"><input type=\"checkbox\" value=\"Idea\" id=\"form-field-field_f5xv5q8-0\" name=\"form_fields[field_f5xv5q8][]\"> <label for=\"form-field-field_f5xv5q8-0\">Idea<\/label><\/span><span class=\"elementor-field-option\"><input type=\"checkbox\" value=\"Startup (sin financiaci\u00f3n)\" id=\"form-field-field_f5xv5q8-1\" name=\"form_fields[field_f5xv5q8][]\"> <label for=\"form-field-field_f5xv5q8-1\">Startup (sin financiaci\u00f3n)<\/label><\/span><span class=\"elementor-field-option\"><input type=\"checkbox\" value=\"Startup (con financiaci\u00f3n)\" id=\"form-field-field_f5xv5q8-2\" name=\"form_fields[field_f5xv5q8][]\"> <label for=\"form-field-field_f5xv5q8-2\">Startup (con financiaci\u00f3n)<\/label><\/span><span class=\"elementor-field-option\"><input type=\"checkbox\" value=\"PYME\" id=\"form-field-field_f5xv5q8-3\" name=\"form_fields[field_f5xv5q8][]\"> <label for=\"form-field-field_f5xv5q8-3\">PYME<\/label><\/span><span class=\"elementor-field-option\"><input type=\"checkbox\" value=\"Empresa\" id=\"form-field-field_f5xv5q8-4\" name=\"form_fields[field_f5xv5q8][]\"> <label for=\"form-field-field_f5xv5q8-4\">Empresa<\/label><\/span><\/div>\t\t\t\t<\/div>\n\t\t\t\t\t\t\t\t<div class=\"elementor-field-type-textarea elementor-field-group elementor-column elementor-field-group-message elementor-col-100\">\n\t\t\t\t\t\t\t\t\t\t\t\t<label for=\"form-field-message\" class=\"elementor-field-label\">\n\t\t\t\t\t\t\t\tDescripci\u00f3n del proyecto\t\t\t\t\t\t\t<\/label>\n\t\t\t\t\t\t<textarea class=\"elementor-field-textual elementor-field  elementor-size-md\" name=\"form_fields[message]\" id=\"form-field-message\" rows=\"4\" placeholder=\"Describe aqu\u00ed tu proyecto\"><\/textarea>\t\t\t\t<\/div>\n\t\t\t\t\t\t\t\t<div class=\"elementor-field-type-recaptcha_v3 elementor-field-group elementor-column elementor-field-group-field_u73zoim elementor-col-100 recaptcha_v3-bottomright\">\n\t\t\t\t\t<div class=\"elementor-field\" id=\"form-field-field_u73zoim\"><div class=\"elementor-g-recaptcha\" data-sitekey=\"6LfHkdkqAAAAAJLwITg2byqw_5L6RzCUdXB508Au\" data-type=\"v3\" data-action=\"Form\" data-badge=\"bottomright\" data-size=\"invisible\"><\/div><\/div>\t\t\t\t<\/div>\n\t\t\t\t\t\t\t\t<div class=\"elementor-field-group elementor-column elementor-field-type-submit elementor-col-100 e-form__buttons\">\n\t\t\t\t\t<button class=\"elementor-button elementor-size-sm\" type=\"submit\">\n\t\t\t\t\t\t<span class=\"elementor-button-content-wrapper\">\n\t\t\t\t\t\t\t\t\t\t\t\t\t\t\t\t\t\t\t\t\t\t<span class=\"elementor-button-text\">Env\u00eda<\/span>\n\t\t\t\t\t\t\t\t\t\t\t\t\t<\/span>\n\t\t\t\t\t<\/button>\n\t\t\t\t<\/div>\n\t\t\t<\/div>\n\t\t<\/form>\n\t\t\t\t\t\t<\/div>\n\t\t\t\t<\/div>\n\t\t\t\t<\/div>\n\t\t\t\t<\/div>\n\t\t\t\t\t<\/div>\n\t\t\t\t<\/div>\n\t\t\t\t<\/div>\n\t\t","protected":false},"excerpt":{"rendered":"<p>Contacta con nosotros Trabajemos juntos Env\u00eda un correo electr\u00f3nico a support@daptatech.com Encu\u00e9ntranos 990 Biscayne BlvdMiamiFlorida Contacta con nosotros<\/p>\n","protected":false},"author":1,"featured_media":0,"parent":0,"menu_order":0,"comment_status":"closed","ping_status":"closed","template":"","meta":{"_acf_changed":false,"content-type":"","footnotes":""},"class_list":["post-869","page","type-page","status-publish","hentry"],"acf":[],"yoast_head":"<!-- This site is optimized with the Yoast SEO plugin v26.9 - https:\/\/yoast.com\/product\/yoast-seo-wordpress\/ -->\n<title>Contacto - Dapta<\/title>\n<meta name=\"description\" content=\"Ponte en contacto con nuestro equipo para descubrir c\u00f3mo nuestros agentes de IA pueden ayudar a tu negocio a crecer. Agenda una demo hoy!\" \/>\n<meta name=\"robots\" content=\"index, follow, max-snippet:-1, max-image-preview:large, max-video-preview:-1\" \/>\n<link rel=\"canonical\" href=\"https:\/\/dapta.ai\/es\/contact-us\/\" \/>\n<meta property=\"og:locale\" content=\"es_ES\" \/>\n<meta property=\"og:type\" content=\"article\" \/>\n<meta property=\"og:title\" content=\"Contacto - Dapta\" \/>\n<meta property=\"og:description\" content=\"Ponte en contacto con nuestro equipo para descubrir c\u00f3mo nuestros agentes de IA pueden ayudar a tu negocio a crecer. Agenda una demo hoy!\" \/>\n<meta property=\"og:url\" content=\"https:\/\/dapta.ai\/es\/contact-us\/\" \/>\n<meta property=\"og:site_name\" content=\"Dapta\" \/>\n<meta property=\"article:modified_time\" content=\"2025-08-10T03:34:06+00:00\" \/>\n<meta name=\"twitter:card\" content=\"summary_large_image\" \/>\n<script type=\"application\/ld+json\" class=\"yoast-schema-graph\">{\"@context\":\"https:\/\/schema.org\",\"@graph\":[{\"@type\":\"WebPage\",\"@id\":\"https:\/\/dapta.ai\/es\/contact-us\/\",\"url\":\"https:\/\/dapta.ai\/es\/contact-us\/\",\"name\":\"Contacto - Dapta\",\"isPartOf\":{\"@id\":\"https:\/\/dapta.ai\/es\/#website\"},\"datePublished\":\"2025-01-06T12:06:10+00:00\",\"dateModified\":\"2025-08-10T03:34:06+00:00\",\"description\":\"Ponte en contacto con nuestro equipo para descubrir c\u00f3mo nuestros agentes de IA pueden ayudar a tu negocio a crecer. Agenda una demo hoy!\",\"breadcrumb\":{\"@id\":\"https:\/\/dapta.ai\/es\/contact-us\/#breadcrumb\"},\"inLanguage\":\"es\",\"potentialAction\":[{\"@type\":\"ReadAction\",\"target\":[\"https:\/\/dapta.ai\/es\/contact-us\/\"]}]},{\"@type\":\"BreadcrumbList\",\"@id\":\"https:\/\/dapta.ai\/es\/contact-us\/#breadcrumb\",\"itemListElement\":[{\"@type\":\"ListItem\",\"position\":1,\"name\":\"Home\",\"item\":\"https:\/\/dapta.ai\/es\/\"},{\"@type\":\"ListItem\",\"position\":2,\"name\":\"Contacta con nosotros\"}]},{\"@type\":\"WebSite\",\"@id\":\"https:\/\/dapta.ai\/es\/#website\",\"url\":\"https:\/\/dapta.ai\/es\/\",\"name\":\"Dapta\",\"description\":\"AI Reuniones - Dapta\",\"potentialAction\":[{\"@type\":\"SearchAction\",\"target\":{\"@type\":\"EntryPoint\",\"urlTemplate\":\"https:\/\/dapta.ai\/es\/?s={search_term_string}\"},\"query-input\":{\"@type\":\"PropertyValueSpecification\",\"valueRequired\":true,\"valueName\":\"search_term_string\"}}],\"inLanguage\":\"es\"}]}<\/script>\n<!-- \/ Yoast SEO plugin. -->","yoast_head_json":{"title":"Contacto - Dapta","description":"Ponte en contacto con nuestro equipo para descubrir c\u00f3mo nuestros agentes de IA pueden ayudar a tu negocio a crecer. Agenda una demo hoy!","robots":{"index":"index","follow":"follow","max-snippet":"max-snippet:-1","max-image-preview":"max-image-preview:large","max-video-preview":"max-video-preview:-1"},"canonical":"https:\/\/dapta.ai\/es\/contact-us\/","og_locale":"es_ES","og_type":"article","og_title":"Contacto - Dapta","og_description":"Ponte en contacto con nuestro equipo para descubrir c\u00f3mo nuestros agentes de IA pueden ayudar a tu negocio a crecer. Agenda una demo hoy!","og_url":"https:\/\/dapta.ai\/es\/contact-us\/","og_site_name":"Dapta","article_modified_time":"2025-08-10T03:34:06+00:00","twitter_card":"summary_large_image","schema":{"@context":"https:\/\/schema.org","@graph":[{"@type":"WebPage","@id":"https:\/\/dapta.ai\/es\/contact-us\/","url":"https:\/\/dapta.ai\/es\/contact-us\/","name":"Contacto - Dapta","isPartOf":{"@id":"https:\/\/dapta.ai\/es\/#website"},"datePublished":"2025-01-06T12:06:10+00:00","dateModified":"2025-08-10T03:34:06+00:00","description":"Ponte en contacto con nuestro equipo para descubrir c\u00f3mo nuestros agentes de IA pueden ayudar a tu negocio a crecer. Agenda una demo hoy!","breadcrumb":{"@id":"https:\/\/dapta.ai\/es\/contact-us\/#breadcrumb"},"inLanguage":"es","potentialAction":[{"@type":"ReadAction","target":["https:\/\/dapta.ai\/es\/contact-us\/"]}]},{"@type":"BreadcrumbList","@id":"https:\/\/dapta.ai\/es\/contact-us\/#breadcrumb","itemListElement":[{"@type":"ListItem","position":1,"name":"Home","item":"https:\/\/dapta.ai\/es\/"},{"@type":"ListItem","position":2,"name":"Contacta con nosotros"}]},{"@type":"WebSite","@id":"https:\/\/dapta.ai\/es\/#website","url":"https:\/\/dapta.ai\/es\/","name":"Dapta","description":"AI Reuniones - Dapta","potentialAction":[{"@type":"SearchAction","target":{"@type":"EntryPoint","urlTemplate":"https:\/\/dapta.ai\/es\/?s={search_term_string}"},"query-input":{"@type":"PropertyValueSpecification","valueRequired":true,"valueName":"search_term_string"}}],"inLanguage":"es"}]}},"featured_image_src":null,"featured_image_src_square":null,"_links":{"self":[{"href":"https:\/\/dapta.ai\/es\/wp-json\/wp\/v2\/pages\/869","targetHints":{"allow":["GET"]}}],"collection":[{"href":"https:\/\/dapta.ai\/es\/wp-json\/wp\/v2\/pages"}],"about":[{"href":"https:\/\/dapta.ai\/es\/wp-json\/wp\/v2\/types\/page"}],"author":[{"embeddable":true,"href":"https:\/\/dapta.ai\/es\/wp-json\/wp\/v2\/users\/1"}],"replies":[{"embeddable":true,"href":"https:\/\/dapta.ai\/es\/wp-json\/wp\/v2\/comments?post=869"}],"version-history":[{"count":0,"href":"https:\/\/dapta.ai\/es\/wp-json\/wp\/v2\/pages\/869\/revisions"}],"wp:attachment":[{"href":"https:\/\/dapta.ai\/es\/wp-json\/wp\/v2\/media?parent=869"}],"curies":[{"name":"wp","href":"https:\/\/api.w.org\/{rel}","templated":true}]}}