{"id":4372,"date":"2025-10-15T21:58:46","date_gmt":"2025-10-15T21:58:46","guid":{"rendered":"https:\/\/dapta.ai\/?page_id=4372"},"modified":"2026-03-25T06:43:52","modified_gmt":"2026-03-25T06:43:52","slug":"contact-us-2","status":"publish","type":"page","link":"https:\/\/dapta.ai\/es\/contact-us-2\/","title":{"rendered":"Cont\u00e1ctanos"},"content":{"rendered":"\t\t<div data-elementor-type=\"wp-page\" data-elementor-id=\"4372\" class=\"elementor elementor-4372 elementor-4371\" data-elementor-settings=\"{&quot;element_pack_global_tooltip_width&quot;:{&quot;unit&quot;:&quot;px&quot;,&quot;size&quot;:&quot;&quot;,&quot;sizes&quot;:[]},&quot;element_pack_global_tooltip_width_tablet&quot;:{&quot;unit&quot;:&quot;px&quot;,&quot;size&quot;:&quot;&quot;,&quot;sizes&quot;:[]},&quot;element_pack_global_tooltip_width_mobile&quot;:{&quot;unit&quot;:&quot;px&quot;,&quot;size&quot;:&quot;&quot;,&quot;sizes&quot;:[]},&quot;element_pack_global_tooltip_padding&quot;:{&quot;unit&quot;:&quot;px&quot;,&quot;top&quot;:&quot;&quot;,&quot;right&quot;:&quot;&quot;,&quot;bottom&quot;:&quot;&quot;,&quot;left&quot;:&quot;&quot;,&quot;isLinked&quot;:true},&quot;element_pack_global_tooltip_padding_tablet&quot;:{&quot;unit&quot;:&quot;px&quot;,&quot;top&quot;:&quot;&quot;,&quot;right&quot;:&quot;&quot;,&quot;bottom&quot;:&quot;&quot;,&quot;left&quot;:&quot;&quot;,&quot;isLinked&quot;:true},&quot;element_pack_global_tooltip_padding_mobile&quot;:{&quot;unit&quot;:&quot;px&quot;,&quot;top&quot;:&quot;&quot;,&quot;right&quot;:&quot;&quot;,&quot;bottom&quot;:&quot;&quot;,&quot;left&quot;:&quot;&quot;,&quot;isLinked&quot;:true},&quot;element_pack_global_tooltip_border_radius&quot;:{&quot;unit&quot;:&quot;px&quot;,&quot;top&quot;:&quot;&quot;,&quot;right&quot;:&quot;&quot;,&quot;bottom&quot;:&quot;&quot;,&quot;left&quot;:&quot;&quot;,&quot;isLinked&quot;:true},&quot;element_pack_global_tooltip_border_radius_tablet&quot;:{&quot;unit&quot;:&quot;px&quot;,&quot;top&quot;:&quot;&quot;,&quot;right&quot;:&quot;&quot;,&quot;bottom&quot;:&quot;&quot;,&quot;left&quot;:&quot;&quot;,&quot;isLinked&quot;:true},&quot;element_pack_global_tooltip_border_radius_mobile&quot;:{&quot;unit&quot;:&quot;px&quot;,&quot;top&quot;:&quot;&quot;,&quot;right&quot;:&quot;&quot;,&quot;bottom&quot;:&quot;&quot;,&quot;left&quot;:&quot;&quot;,&quot;isLinked&quot;:true}}\" data-elementor-post-type=\"page\">\n\t\t\t\t<div class=\"elementor-element elementor-element-fe63f56 e-flex e-con-boxed e-con e-parent\" data-id=\"fe63f56\" data-element_type=\"container\" data-e-type=\"container\" data-settings=\"{&quot;background_background&quot;:&quot;slideshow&quot;,&quot;background_slideshow_gallery&quot;:[{&quot;id&quot;:4482,&quot;url&quot;:&quot;https:\\\/\\\/dapta.ai\\\/wp-content\\\/uploads\\\/2025\\\/10\\\/contact-bg-slide-001.jpg&quot;},{&quot;id&quot;:4483,&quot;url&quot;:&quot;https:\\\/\\\/dapta.ai\\\/wp-content\\\/uploads\\\/2025\\\/10\\\/contact-bg-slide-003.jpg&quot;},{&quot;id&quot;:4484,&quot;url&quot;:&quot;https:\\\/\\\/dapta.ai\\\/wp-content\\\/uploads\\\/2025\\\/10\\\/contact-bg-slide-002.jpg&quot;},{&quot;id&quot;:4485,&quot;url&quot;:&quot;https:\\\/\\\/dapta.ai\\\/wp-content\\\/uploads\\\/2025\\\/10\\\/contact-bg-slide-004.jpg&quot;}],&quot;background_slideshow_slide_duration&quot;:1000,&quot;background_slideshow_transition_duration&quot;:3000,&quot;background_slideshow_loop&quot;:&quot;yes&quot;,&quot;background_slideshow_slide_transition&quot;:&quot;fade&quot;}\">\n\t\t\t\t\t<div class=\"e-con-inner\">\n\t\t<div class=\"elementor-element elementor-element-f0305c2 e-con-full e-flex e-con e-child\" data-id=\"f0305c2\" data-element_type=\"container\" data-e-type=\"container\">\n\t\t\t\t<div class=\"elementor-element elementor-element-b027a0b animated-slow elementor-widget elementor-widget-heading\" data-id=\"b027a0b\" data-element_type=\"widget\" data-e-type=\"widget\" data-settings=\"{&quot;_animation&quot;:&quot;none&quot;}\" data-widget_type=\"heading.default\">\n\t\t\t\t<div class=\"elementor-widget-container\">\n\t\t\t\t\t<div class=\"elementor-heading-title elementor-size-default\">Cont\u00e1ctanos<\/div>\t\t\t\t<\/div>\n\t\t\t\t<\/div>\n\t\t\t\t<div class=\"elementor-element elementor-element-38486cf animated-slow elementor-widget elementor-widget-heading\" data-id=\"38486cf\" data-element_type=\"widget\" data-e-type=\"widget\" data-settings=\"{&quot;_animation&quot;:&quot;none&quot;}\" data-widget_type=\"heading.default\">\n\t\t\t\t<div class=\"elementor-widget-container\">\n\t\t\t\t\t<h1 class=\"elementor-heading-title elementor-size-default\">Trabajemos juntos<\/h1>\t\t\t\t<\/div>\n\t\t\t\t<\/div>\n\t\t\t\t<div class=\"elementor-element elementor-element-7695437 elementor-widget elementor-widget-text-editor\" data-id=\"7695437\" data-element_type=\"widget\" data-e-type=\"widget\" data-widget_type=\"text-editor.default\">\n\t\t\t\t<div class=\"elementor-widget-container\">\n\t\t\t\t\t\t\t\t\t<p>Cu\u00e9ntenos cu\u00e1les son sus objetivos comerciales y le responderemos dentro de las 24 horas.<\/p>\t\t\t\t\t\t\t\t<\/div>\n\t\t\t\t<\/div>\n\t\t<div class=\"elementor-element elementor-element-f297f8f e-con-full e-flex e-con e-child\" data-id=\"f297f8f\" data-element_type=\"container\" data-e-type=\"container\">\n\t\t<div class=\"elementor-element elementor-element-4bda1b0 e-con-full e-flex e-con e-child\" data-id=\"4bda1b0\" data-element_type=\"container\" data-e-type=\"container\">\n\t\t\t\t<div class=\"elementor-element elementor-element-c359a5b elementor-widget elementor-widget-html\" data-id=\"c359a5b\" data-element_type=\"widget\" data-e-type=\"widget\" data-widget_type=\"html.default\">\n\t\t\t\t<div class=\"elementor-widget-container\">\n\t\t\t\t\t<div style=\"width: 100vw; height:100vh;  \">\n    <div data-tf-live=\"01K4RFM30XJ5GK8PCK65S02AS8\" style=\"width: 100%; height: 110%;\"><\/div>\n<\/div>\n<script src=\"\/\/embed.typeform.com\/next\/embed.js\"><\/script>\t\t\t\t<\/div>\n\t\t\t\t<\/div>\n\t\t\t\t<\/div>\n\t\t\t\t<\/div>\n\t\t<div class=\"elementor-element elementor-element-eb372db e-con-full e-flex e-con e-child\" data-id=\"eb372db\" data-element_type=\"container\" data-e-type=\"container\">\n\t\t<div class=\"elementor-element elementor-element-991d9cd e-con-full e-flex e-con e-child\" data-id=\"991d9cd\" data-element_type=\"container\" data-e-type=\"container\">\n\t\t\t\t<div data-ep-wrapper-link=\"{&quot;url&quot;:&quot;mailto:support@daptatech.com&quot;,&quot;is_external&quot;:&quot;&quot;,&quot;nofollow&quot;:&quot;&quot;,&quot;custom_attributes&quot;:&quot;&quot;}\" style=\"cursor: pointer\" class=\"bdt-element-link elementor-element elementor-element-8758af2 elementor-position-inline-start elementor-view-default elementor-mobile-position-block-start elementor-widget elementor-widget-icon-box\" data-id=\"8758af2\" data-element_type=\"widget\" data-e-type=\"widget\" data-widget_type=\"icon-box.default\">\n\t\t\t\t<div class=\"elementor-widget-container\">\n\t\t\t\t\t\t\t<div class=\"elementor-icon-box-wrapper\">\n\n\t\t\t\t\t\t<div class=\"elementor-icon-box-icon\">\n\t\t\t\t<a href=\"mailto:support@daptatech.com\" class=\"elementor-icon\" tabindex=\"-1\" aria-label=\"Env\u00eda un correo electr\u00f3nico a\">\n\t\t\t\t<i aria-hidden=\"true\" class=\"far fa-envelope\"><\/i>\t\t\t\t<\/a>\n\t\t\t<\/div>\n\t\t\t\n\t\t\t\t\t\t<div class=\"elementor-icon-box-content\">\n\n\t\t\t\t\t\t\t\t\t<h2 class=\"elementor-icon-box-title\">\n\t\t\t\t\t\t<a href=\"mailto:support@daptatech.com\" >\n\t\t\t\t\t\t\tEnv\u00eda un correo electr\u00f3nico a\t\t\t\t\t\t<\/a>\n\t\t\t\t\t<\/h2>\n\t\t\t\t\n\t\t\t\t\t\t\t\t\t<p class=\"elementor-icon-box-description\">\n\t\t\t\t\t\tsupport@daptatech.com\t\t\t\t\t<\/p>\n\t\t\t\t\n\t\t\t<\/div>\n\t\t\t\n\t\t<\/div>\n\t\t\t\t\t\t<\/div>\n\t\t\t\t<\/div>\n\t\t\t\t<\/div>\n\t\t\t\t<\/div>\n\t\t\t\t<\/div>\n\t\t\t\t\t<\/div>\n\t\t\t\t<\/div>\n\t\t\t\t<\/div>\n\t\t","protected":false},"excerpt":{"rendered":"<p>Cont\u00e1ctanos Trabajemos juntos Cu\u00e9ntenos cu\u00e1les son sus objetivos comerciales y le responderemos dentro de las 24 horas. Env\u00eda un correo electr\u00f3nico a [&hellip;]<\/p>\n","protected":false},"author":1,"featured_media":0,"parent":0,"menu_order":0,"comment_status":"closed","ping_status":"closed","template":"","meta":{"_acf_changed":false,"content-type":"","footnotes":""},"class_list":["post-4372","page","type-page","status-publish","hentry"],"acf":[],"yoast_head":"<!-- This site is optimized with the Yoast SEO plugin v26.9 - https:\/\/yoast.com\/product\/yoast-seo-wordpress\/ -->\n<title>Dapta - Contacto<\/title>\n<meta name=\"description\" content=\"Ponte en contacto con nuestro equipo para descubrir c\u00f3mo nuestros agentes de IA pueden ayudar a tu negocio a crecer. Agenda una demo hoy!\" \/>\n<meta name=\"robots\" content=\"index, follow, max-snippet:-1, max-image-preview:large, max-video-preview:-1\" \/>\n<link rel=\"canonical\" href=\"https:\/\/dapta.ai\/es\/contact-us-2\/\" \/>\n<meta property=\"og:locale\" content=\"es_ES\" \/>\n<meta property=\"og:type\" content=\"article\" \/>\n<meta property=\"og:title\" content=\"Dapta - Contacto\" \/>\n<meta property=\"og:description\" content=\"Ponte en contacto con nuestro equipo para descubrir c\u00f3mo nuestros agentes de IA pueden ayudar a tu negocio a crecer. Agenda una demo hoy!\" \/>\n<meta property=\"og:url\" content=\"https:\/\/dapta.ai\/es\/contact-us-2\/\" \/>\n<meta property=\"og:site_name\" content=\"Dapta\" \/>\n<meta property=\"article:modified_time\" content=\"2026-03-25T06:43:52+00:00\" \/>\n<meta name=\"twitter:card\" content=\"summary_large_image\" \/>\n<script type=\"application\/ld+json\" class=\"yoast-schema-graph\">{\"@context\":\"https:\/\/schema.org\",\"@graph\":[{\"@type\":\"WebPage\",\"@id\":\"https:\/\/dapta.ai\/es\/contact-us-2\/\",\"url\":\"https:\/\/dapta.ai\/es\/contact-us-2\/\",\"name\":\"Dapta - Contacto\",\"isPartOf\":{\"@id\":\"https:\/\/dapta.ai\/es\/#website\"},\"datePublished\":\"2025-10-15T21:58:46+00:00\",\"dateModified\":\"2026-03-25T06:43:52+00:00\",\"description\":\"Ponte en contacto con nuestro equipo para descubrir c\u00f3mo nuestros agentes de IA pueden ayudar a tu negocio a crecer. Agenda una demo hoy!\",\"breadcrumb\":{\"@id\":\"https:\/\/dapta.ai\/es\/contact-us-2\/#breadcrumb\"},\"inLanguage\":\"es\",\"potentialAction\":[{\"@type\":\"ReadAction\",\"target\":[\"https:\/\/dapta.ai\/es\/contact-us-2\/\"]}]},{\"@type\":\"BreadcrumbList\",\"@id\":\"https:\/\/dapta.ai\/es\/contact-us-2\/#breadcrumb\",\"itemListElement\":[{\"@type\":\"ListItem\",\"position\":1,\"name\":\"Home\",\"item\":\"https:\/\/dapta.ai\/es\/\"},{\"@type\":\"ListItem\",\"position\":2,\"name\":\"Cont\u00e1ctanos\"}]},{\"@type\":\"WebSite\",\"@id\":\"https:\/\/dapta.ai\/es\/#website\",\"url\":\"https:\/\/dapta.ai\/es\/\",\"name\":\"Dapta\",\"description\":\"AI Reuniones - Dapta\",\"potentialAction\":[{\"@type\":\"SearchAction\",\"target\":{\"@type\":\"EntryPoint\",\"urlTemplate\":\"https:\/\/dapta.ai\/es\/?s={search_term_string}\"},\"query-input\":{\"@type\":\"PropertyValueSpecification\",\"valueRequired\":true,\"valueName\":\"search_term_string\"}}],\"inLanguage\":\"es\"}]}<\/script>\n<!-- \/ Yoast SEO plugin. -->","yoast_head_json":{"title":"Dapta - Contacto","description":"Ponte en contacto con nuestro equipo para descubrir c\u00f3mo nuestros agentes de IA pueden ayudar a tu negocio a crecer. Agenda una demo hoy!","robots":{"index":"index","follow":"follow","max-snippet":"max-snippet:-1","max-image-preview":"max-image-preview:large","max-video-preview":"max-video-preview:-1"},"canonical":"https:\/\/dapta.ai\/es\/contact-us-2\/","og_locale":"es_ES","og_type":"article","og_title":"Dapta - Contacto","og_description":"Ponte en contacto con nuestro equipo para descubrir c\u00f3mo nuestros agentes de IA pueden ayudar a tu negocio a crecer. Agenda una demo hoy!","og_url":"https:\/\/dapta.ai\/es\/contact-us-2\/","og_site_name":"Dapta","article_modified_time":"2026-03-25T06:43:52+00:00","twitter_card":"summary_large_image","schema":{"@context":"https:\/\/schema.org","@graph":[{"@type":"WebPage","@id":"https:\/\/dapta.ai\/es\/contact-us-2\/","url":"https:\/\/dapta.ai\/es\/contact-us-2\/","name":"Dapta - Contacto","isPartOf":{"@id":"https:\/\/dapta.ai\/es\/#website"},"datePublished":"2025-10-15T21:58:46+00:00","dateModified":"2026-03-25T06:43:52+00:00","description":"Ponte en contacto con nuestro equipo para descubrir c\u00f3mo nuestros agentes de IA pueden ayudar a tu negocio a crecer. Agenda una demo hoy!","breadcrumb":{"@id":"https:\/\/dapta.ai\/es\/contact-us-2\/#breadcrumb"},"inLanguage":"es","potentialAction":[{"@type":"ReadAction","target":["https:\/\/dapta.ai\/es\/contact-us-2\/"]}]},{"@type":"BreadcrumbList","@id":"https:\/\/dapta.ai\/es\/contact-us-2\/#breadcrumb","itemListElement":[{"@type":"ListItem","position":1,"name":"Home","item":"https:\/\/dapta.ai\/es\/"},{"@type":"ListItem","position":2,"name":"Cont\u00e1ctanos"}]},{"@type":"WebSite","@id":"https:\/\/dapta.ai\/es\/#website","url":"https:\/\/dapta.ai\/es\/","name":"Dapta","description":"AI Reuniones - Dapta","potentialAction":[{"@type":"SearchAction","target":{"@type":"EntryPoint","urlTemplate":"https:\/\/dapta.ai\/es\/?s={search_term_string}"},"query-input":{"@type":"PropertyValueSpecification","valueRequired":true,"valueName":"search_term_string"}}],"inLanguage":"es"}]}},"featured_image_src":null,"featured_image_src_square":null,"_links":{"self":[{"href":"https:\/\/dapta.ai\/es\/wp-json\/wp\/v2\/pages\/4372","targetHints":{"allow":["GET"]}}],"collection":[{"href":"https:\/\/dapta.ai\/es\/wp-json\/wp\/v2\/pages"}],"about":[{"href":"https:\/\/dapta.ai\/es\/wp-json\/wp\/v2\/types\/page"}],"author":[{"embeddable":true,"href":"https:\/\/dapta.ai\/es\/wp-json\/wp\/v2\/users\/1"}],"replies":[{"embeddable":true,"href":"https:\/\/dapta.ai\/es\/wp-json\/wp\/v2\/comments?post=4372"}],"version-history":[{"count":0,"href":"https:\/\/dapta.ai\/es\/wp-json\/wp\/v2\/pages\/4372\/revisions"}],"wp:attachment":[{"href":"https:\/\/dapta.ai\/es\/wp-json\/wp\/v2\/media?parent=4372"}],"curies":[{"name":"wp","href":"https:\/\/api.w.org\/{rel}","templated":true}]}}